{"id":13,"date":"2026-03-25T07:51:09","date_gmt":"2026-03-25T07:51:09","guid":{"rendered":"https:\/\/opticaleva2002fe.rkinformatika.online\/?page_id=13"},"modified":"2026-03-25T14:16:37","modified_gmt":"2026-03-25T14:16:37","slug":"servicios","status":"publish","type":"page","link":"https:\/\/opticaleva2002fe.com\/en\/servicios\/","title":{"rendered":"Services"},"content":{"rendered":"<div data-elementor-type=\"wp-page\" data-elementor-id=\"13\" class=\"elementor elementor-13\" data-elementor-post-type=\"page\">\n\t\t\t\t<div class=\"elementor-element elementor-element-3b03618 animated-slow e-flex e-con-boxed elementor-invisible e-con e-parent\" data-id=\"3b03618\" data-element_type=\"container\" data-e-type=\"container\" data-settings=\"{&quot;animation&quot;:&quot;fadeInUp&quot;}\">\n\t\t\t\t\t<div class=\"e-con-inner\">\n\t\t\t\t<div class=\"elementor-element elementor-element-8d9dcea elementor-widget__width-initial animated-slow elementor-invisible elementor-widget elementor-widget-heading\" data-id=\"8d9dcea\" data-element_type=\"widget\" data-e-type=\"widget\" data-settings=\"{&quot;_animation&quot;:&quot;fadeIn&quot;}\" data-widget_type=\"heading.default\">\n\t\t\t\t\t<h2 class=\"elementor-heading-title elementor-size-default\">Descubra la diferencia de una visi\u00f3n perfecta<\/h2>\t\t\t\t<\/div>\n\t\t\t\t\t<\/div>\n\t\t\t\t<\/div>\n\t\t<div class=\"elementor-element elementor-element-9879061 e-flex e-con-boxed e-con e-parent\" data-id=\"9879061\" data-element_type=\"container\" data-e-type=\"container\">\n\t\t\t\t\t<div class=\"e-con-inner\">\n\t\t<div class=\"elementor-element elementor-element-d92caa4 e-con-full animated-slow e-flex elementor-invisible e-con e-child\" data-id=\"d92caa4\" data-element_type=\"container\" data-e-type=\"container\" data-settings=\"{&quot;animation&quot;:&quot;fadeInLeft&quot;}\">\n\t\t\t\t<div class=\"elementor-element elementor-element-89e8101 elementor-widget elementor-widget-image\" data-id=\"89e8101\" data-element_type=\"widget\" data-e-type=\"widget\" data-widget_type=\"image.default\">\n\t\t\t\t\t\t\t\t\t\t\t\t\t\t\t<img fetchpriority=\"high\" decoding=\"async\" width=\"374\" height=\"551\" src=\"https:\/\/opticaleva2002fe.com\/wp-content\/uploads\/2026\/03\/Captura-desde-2026-03-25-12-32-45.png\" class=\"attachment-large size-large wp-image-254\" alt=\"\" srcset=\"https:\/\/opticaleva2002fe.com\/wp-content\/uploads\/2026\/03\/Captura-desde-2026-03-25-12-32-45.png 374w, https:\/\/opticaleva2002fe.com\/wp-content\/uploads\/2026\/03\/Captura-desde-2026-03-25-12-32-45-204x300.png 204w, https:\/\/opticaleva2002fe.com\/wp-content\/uploads\/2026\/03\/Captura-desde-2026-03-25-12-32-45-8x12.png 8w\" sizes=\"(max-width: 374px) 100vw, 374px\" \/>\t\t\t\t\t\t\t\t\t\t\t\t\t\t\t<\/div>\n\t\t\t\t<div class=\"elementor-element elementor-element-74c8459 elementor-widget__width-initial animated-slow elementor-invisible elementor-widget elementor-widget-heading\" data-id=\"74c8459\" data-element_type=\"widget\" data-e-type=\"widget\" data-settings=\"{&quot;_animation&quot;:&quot;fadeIn&quot;}\" data-widget_type=\"heading.default\">\n\t\t\t\t\t<h2 class=\"elementor-heading-title elementor-size-default\">Monturas de primeras marcas<\/h2>\t\t\t\t<\/div>\n\t\t\t\t<\/div>\n\t\t<div class=\"elementor-element elementor-element-d78d4b2 e-con-full animated-slow e-flex elementor-invisible e-con e-child\" data-id=\"d78d4b2\" data-element_type=\"container\" data-e-type=\"container\" data-settings=\"{&quot;animation&quot;:&quot;fadeInDown&quot;}\">\n\t\t\t\t<div class=\"elementor-element elementor-element-beff0aa elementor-widget elementor-widget-image\" data-id=\"beff0aa\" data-element_type=\"widget\" data-e-type=\"widget\" data-widget_type=\"image.default\">\n\t\t\t\t\t\t\t\t\t\t\t\t\t\t\t<img decoding=\"async\" width=\"374\" height=\"551\" src=\"https:\/\/opticaleva2002fe.com\/wp-content\/uploads\/2026\/03\/Captura-desde-2026-03-25-12-34-57.png\" class=\"attachment-large size-large wp-image-255\" alt=\"\" srcset=\"https:\/\/opticaleva2002fe.com\/wp-content\/uploads\/2026\/03\/Captura-desde-2026-03-25-12-34-57.png 374w, https:\/\/opticaleva2002fe.com\/wp-content\/uploads\/2026\/03\/Captura-desde-2026-03-25-12-34-57-204x300.png 204w, https:\/\/opticaleva2002fe.com\/wp-content\/uploads\/2026\/03\/Captura-desde-2026-03-25-12-34-57-8x12.png 8w\" sizes=\"(max-width: 374px) 100vw, 374px\" \/>\t\t\t\t\t\t\t\t\t\t\t\t\t\t\t<\/div>\n\t\t\t\t<div class=\"elementor-element elementor-element-d1da31f elementor-widget__width-initial animated-slow elementor-invisible elementor-widget elementor-widget-heading\" data-id=\"d1da31f\" data-element_type=\"widget\" data-e-type=\"widget\" data-settings=\"{&quot;_animation&quot;:&quot;fadeIn&quot;}\" data-widget_type=\"heading.default\">\n\t\t\t\t\t<h2 class=\"elementor-heading-title elementor-size-default\">Gafas de sol <\/h2>\t\t\t\t<\/div>\n\t\t\t\t<\/div>\n\t\t<div class=\"elementor-element elementor-element-aa3769d e-con-full animated-slow e-flex elementor-invisible e-con e-child\" data-id=\"aa3769d\" data-element_type=\"container\" data-e-type=\"container\" data-settings=\"{&quot;animation&quot;:&quot;fadeInLeft&quot;}\">\n\t\t\t\t<div class=\"elementor-element elementor-element-2ce91d9 elementor-widget elementor-widget-image\" data-id=\"2ce91d9\" data-element_type=\"widget\" data-e-type=\"widget\" data-widget_type=\"image.default\">\n\t\t\t\t\t\t\t\t\t\t\t\t\t\t\t<img decoding=\"async\" width=\"374\" height=\"551\" src=\"https:\/\/opticaleva2002fe.com\/wp-content\/uploads\/2026\/03\/Captura-desde-2026-03-25-12-39-30.png\" class=\"attachment-large size-large wp-image-260\" alt=\"\" srcset=\"https:\/\/opticaleva2002fe.com\/wp-content\/uploads\/2026\/03\/Captura-desde-2026-03-25-12-39-30.png 374w, https:\/\/opticaleva2002fe.com\/wp-content\/uploads\/2026\/03\/Captura-desde-2026-03-25-12-39-30-204x300.png 204w, https:\/\/opticaleva2002fe.com\/wp-content\/uploads\/2026\/03\/Captura-desde-2026-03-25-12-39-30-8x12.png 8w\" sizes=\"(max-width: 374px) 100vw, 374px\" \/>\t\t\t\t\t\t\t\t\t\t\t\t\t\t\t<\/div>\n\t\t\t\t<div class=\"elementor-element elementor-element-80b8a80 elementor-widget__width-initial animated-slow elementor-invisible elementor-widget elementor-widget-heading\" data-id=\"80b8a80\" data-element_type=\"widget\" data-e-type=\"widget\" data-settings=\"{&quot;_animation&quot;:&quot;fadeIn&quot;}\" data-widget_type=\"heading.default\">\n\t\t\t\t\t<h2 class=\"elementor-heading-title elementor-size-default\">Lentes progresivas personalizadas <\/h2>\t\t\t\t<\/div>\n\t\t\t\t<\/div>\n\t\t<div class=\"elementor-element elementor-element-e19ccd3 e-con-full animated-slow e-flex elementor-invisible e-con e-child\" data-id=\"e19ccd3\" data-element_type=\"container\" data-e-type=\"container\" data-settings=\"{&quot;animation&quot;:&quot;fadeInLeft&quot;}\">\n\t\t\t\t<div class=\"elementor-element elementor-element-edfc104 elementor-widget elementor-widget-image\" data-id=\"edfc104\" data-element_type=\"widget\" data-e-type=\"widget\" data-widget_type=\"image.default\">\n\t\t\t\t\t\t\t\t\t\t\t\t\t\t\t<img loading=\"lazy\" decoding=\"async\" width=\"374\" height=\"551\" src=\"https:\/\/opticaleva2002fe.com\/wp-content\/uploads\/2026\/03\/Captura-desde-2026-03-25-12-41-10.png\" class=\"attachment-large size-large wp-image-264\" alt=\"\" srcset=\"https:\/\/opticaleva2002fe.com\/wp-content\/uploads\/2026\/03\/Captura-desde-2026-03-25-12-41-10.png 374w, https:\/\/opticaleva2002fe.com\/wp-content\/uploads\/2026\/03\/Captura-desde-2026-03-25-12-41-10-204x300.png 204w, https:\/\/opticaleva2002fe.com\/wp-content\/uploads\/2026\/03\/Captura-desde-2026-03-25-12-41-10-8x12.png 8w\" sizes=\"(max-width: 374px) 100vw, 374px\" \/>\t\t\t\t\t\t\t\t\t\t\t\t\t\t\t<\/div>\n\t\t\t\t<div class=\"elementor-element elementor-element-fda991e elementor-widget__width-initial animated-slow elementor-invisible elementor-widget elementor-widget-heading\" data-id=\"fda991e\" data-element_type=\"widget\" data-e-type=\"widget\" data-settings=\"{&quot;_animation&quot;:&quot;fadeIn&quot;}\" data-widget_type=\"heading.default\">\n\t\t\t\t\t<h2 class=\"elementor-heading-title elementor-size-default\">Lentes para el control de la miop\u00eda<\/h2>\t\t\t\t<\/div>\n\t\t\t\t<\/div>\n\t\t<div class=\"elementor-element elementor-element-42d94be e-con-full animated-slow e-flex elementor-invisible e-con e-child\" data-id=\"42d94be\" data-element_type=\"container\" data-e-type=\"container\" data-settings=\"{&quot;animation&quot;:&quot;fadeInUp&quot;}\">\n\t\t\t\t<div class=\"elementor-element elementor-element-a960b3e elementor-widget elementor-widget-image\" data-id=\"a960b3e\" data-element_type=\"widget\" data-e-type=\"widget\" data-widget_type=\"image.default\">\n\t\t\t\t\t\t\t\t\t\t\t\t\t\t\t<img loading=\"lazy\" decoding=\"async\" width=\"374\" height=\"551\" src=\"https:\/\/opticaleva2002fe.com\/wp-content\/uploads\/2026\/03\/Captura-desde-2026-03-25-12-44-58.png\" class=\"attachment-large size-large wp-image-267\" alt=\"\" srcset=\"https:\/\/opticaleva2002fe.com\/wp-content\/uploads\/2026\/03\/Captura-desde-2026-03-25-12-44-58.png 374w, https:\/\/opticaleva2002fe.com\/wp-content\/uploads\/2026\/03\/Captura-desde-2026-03-25-12-44-58-204x300.png 204w, https:\/\/opticaleva2002fe.com\/wp-content\/uploads\/2026\/03\/Captura-desde-2026-03-25-12-44-58-8x12.png 8w\" sizes=\"(max-width: 374px) 100vw, 374px\" \/>\t\t\t\t\t\t\t\t\t\t\t\t\t\t\t<\/div>\n\t\t\t\t<div class=\"elementor-element elementor-element-874bb8d elementor-widget__width-initial animated-slow elementor-invisible elementor-widget elementor-widget-heading\" data-id=\"874bb8d\" data-element_type=\"widget\" data-e-type=\"widget\" data-settings=\"{&quot;_animation&quot;:&quot;fadeIn&quot;}\" data-widget_type=\"heading.default\">\n\t\t\t\t\t<h2 class=\"elementor-heading-title elementor-size-default\">Lentes de contacto<\/h2>\t\t\t\t<\/div>\n\t\t\t\t<\/div>\n\t\t<div class=\"elementor-element elementor-element-78a0469 e-con-full animated-slow e-flex elementor-invisible e-con e-child\" data-id=\"78a0469\" data-element_type=\"container\" data-e-type=\"container\" data-settings=\"{&quot;animation&quot;:&quot;fadeInRight&quot;}\">\n\t\t\t\t<div class=\"elementor-element elementor-element-a9c4160 elementor-widget elementor-widget-image\" data-id=\"a9c4160\" data-element_type=\"widget\" data-e-type=\"widget\" data-widget_type=\"image.default\">\n\t\t\t\t\t\t\t\t\t\t\t\t\t\t\t<img loading=\"lazy\" decoding=\"async\" width=\"374\" height=\"551\" src=\"https:\/\/opticaleva2002fe.com\/wp-content\/uploads\/2026\/03\/Captura-desde-2026-03-25-12-46-49.png\" class=\"attachment-large size-large wp-image-268\" alt=\"\" srcset=\"https:\/\/opticaleva2002fe.com\/wp-content\/uploads\/2026\/03\/Captura-desde-2026-03-25-12-46-49.png 374w, https:\/\/opticaleva2002fe.com\/wp-content\/uploads\/2026\/03\/Captura-desde-2026-03-25-12-46-49-204x300.png 204w, https:\/\/opticaleva2002fe.com\/wp-content\/uploads\/2026\/03\/Captura-desde-2026-03-25-12-46-49-8x12.png 8w\" sizes=\"(max-width: 374px) 100vw, 374px\" \/>\t\t\t\t\t\t\t\t\t\t\t\t\t\t\t<\/div>\n\t\t\t\t<div class=\"elementor-element elementor-element-35bb69c elementor-widget__width-initial animated-slow elementor-invisible elementor-widget elementor-widget-heading\" data-id=\"35bb69c\" data-element_type=\"widget\" data-e-type=\"widget\" data-settings=\"{&quot;_animation&quot;:&quot;fadeIn&quot;}\" data-widget_type=\"heading.default\">\n\t\t\t\t\t<h2 class=\"elementor-heading-title elementor-size-default\">Revisiones peri\u00f3dicas <\/h2>\t\t\t\t<\/div>\n\t\t\t\t<\/div>\n\t\t\t\t\t<\/div>\n\t\t\t\t<\/div>\n\t\t<div class=\"elementor-element elementor-element-daff6c1 animated-slow e-flex e-con-boxed elementor-invisible e-con e-parent\" data-id=\"daff6c1\" data-element_type=\"container\" data-e-type=\"container\" data-settings=\"{&quot;animation&quot;:&quot;fadeInUp&quot;}\">\n\t\t\t\t\t<div class=\"e-con-inner\">\n\t\t\t\t<div class=\"elementor-element elementor-element-917b8f5 elementor-widget__width-initial animated-slow elementor-invisible elementor-widget elementor-widget-heading\" data-id=\"917b8f5\" data-element_type=\"widget\" data-e-type=\"widget\" data-settings=\"{&quot;_animation&quot;:&quot;fadeIn&quot;}\" data-widget_type=\"heading.default\">\n\t\t\t\t\t<h2 class=\"elementor-heading-title elementor-size-default\">Tu comodidad visual es lo m\u00e1s importante para nosotros<\/h2>\t\t\t\t<\/div>\n\t\t\t\t<div class=\"elementor-element elementor-element-e4e5bac elementor-align-center elementor-widget elementor-widget-button\" data-id=\"e4e5bac\" data-element_type=\"widget\" data-e-type=\"widget\" data-widget_type=\"button.default\">\n\t\t\t\t\t\t\t\t\t\t<a class=\"elementor-button elementor-button-link elementor-size-sm elementor-animation-grow\" href=\"https:\/\/opticaleva2002fe.com\/en\/contacto\/\">\n\t\t\t\t\t\t<span class=\"elementor-button-content-wrapper\">\n\t\t\t\t\t\t\t\t\t<span class=\"elementor-button-text\">CONTACTO<\/span>\n\t\t\t\t\t<\/span>\n\t\t\t\t\t<\/a>\n\t\t\t\t\t\t\t\t<\/div>\n\t\t\t\t\t<\/div>\n\t\t\t\t<\/div>\n\t\t\t\t<\/div>","protected":false},"excerpt":{"rendered":"<p>Descubra la diferencia de una visi\u00f3n perfecta Monturas de primeras marcas Gafas de sol Lentes progresivas personalizadas Lentes para el control de la miop\u00eda Lentes de contacto Revisiones peri\u00f3dicas Tu comodidad visual es lo m\u00e1s importante para nosotros CONTACTO<\/p>","protected":false},"author":1,"featured_media":0,"parent":0,"menu_order":0,"comment_status":"closed","ping_status":"closed","template":"elementor_canvas","meta":{"footnotes":""},"class_list":["post-13","page","type-page","status-publish","hentry"],"yoast_head":"<!-- This site is optimized with the Yoast SEO plugin v27.4 - https:\/\/yoast.com\/product\/yoast-seo-wordpress\/ -->\n<title>Servicios - Optica Leva<\/title>\n<meta name=\"robots\" content=\"index, follow, max-snippet:-1, max-image-preview:large, max-video-preview:-1\" \/>\n<link rel=\"canonical\" href=\"https:\/\/opticaleva2002fe.com\/en\/servicios\/\" \/>\n<meta property=\"og:locale\" content=\"en_GB\" \/>\n<meta property=\"og:type\" content=\"article\" \/>\n<meta property=\"og:title\" content=\"Servicios - Optica Leva\" \/>\n<meta property=\"og:description\" content=\"Descubra la diferencia de una visi\u00f3n perfecta Monturas de primeras marcas Gafas de sol Lentes progresivas personalizadas Lentes para el control de la miop\u00eda Lentes de contacto Revisiones peri\u00f3dicas Tu comodidad visual es lo m\u00e1s importante para nosotros CONTACTO\" \/>\n<meta property=\"og:url\" content=\"https:\/\/opticaleva2002fe.com\/en\/servicios\/\" \/>\n<meta property=\"og:site_name\" content=\"Optica Leva\" \/>\n<meta property=\"article:modified_time\" content=\"2026-03-25T14:16:37+00:00\" \/>\n<meta property=\"og:image\" content=\"https:\/\/opticaleva2002fe.com\/wp-content\/uploads\/2026\/03\/Captura-desde-2026-03-25-12-32-45.png\" \/>\n<meta name=\"twitter:card\" content=\"summary_large_image\" \/>\n<meta name=\"twitter:label1\" content=\"Estimated reading time\" \/>\n\t<meta name=\"twitter:data1\" content=\"1 minute\" \/>\n<script type=\"application\/ld+json\" class=\"yoast-schema-graph\">{\"@context\":\"https:\\\/\\\/schema.org\",\"@graph\":[{\"@type\":\"WebPage\",\"@id\":\"https:\\\/\\\/opticaleva2002fe.com\\\/servicios\\\/\",\"url\":\"https:\\\/\\\/opticaleva2002fe.com\\\/servicios\\\/\",\"name\":\"Servicios - Optica Leva\",\"isPartOf\":{\"@id\":\"https:\\\/\\\/opticaleva2002fe.com\\\/#website\"},\"primaryImageOfPage\":{\"@id\":\"https:\\\/\\\/opticaleva2002fe.com\\\/servicios\\\/#primaryimage\"},\"image\":{\"@id\":\"https:\\\/\\\/opticaleva2002fe.com\\\/servicios\\\/#primaryimage\"},\"thumbnailUrl\":\"https:\\\/\\\/opticaleva2002fe.com\\\/wp-content\\\/uploads\\\/2026\\\/03\\\/Captura-desde-2026-03-25-12-32-45.png\",\"datePublished\":\"2026-03-25T07:51:09+00:00\",\"dateModified\":\"2026-03-25T14:16:37+00:00\",\"breadcrumb\":{\"@id\":\"https:\\\/\\\/opticaleva2002fe.com\\\/servicios\\\/#breadcrumb\"},\"inLanguage\":\"en-GB\",\"potentialAction\":[{\"@type\":\"ReadAction\",\"target\":[\"https:\\\/\\\/opticaleva2002fe.com\\\/servicios\\\/\"]}]},{\"@type\":\"ImageObject\",\"inLanguage\":\"en-GB\",\"@id\":\"https:\\\/\\\/opticaleva2002fe.com\\\/servicios\\\/#primaryimage\",\"url\":\"https:\\\/\\\/opticaleva2002fe.com\\\/wp-content\\\/uploads\\\/2026\\\/03\\\/Captura-desde-2026-03-25-12-32-45.png\",\"contentUrl\":\"https:\\\/\\\/opticaleva2002fe.com\\\/wp-content\\\/uploads\\\/2026\\\/03\\\/Captura-desde-2026-03-25-12-32-45.png\"},{\"@type\":\"BreadcrumbList\",\"@id\":\"https:\\\/\\\/opticaleva2002fe.com\\\/servicios\\\/#breadcrumb\",\"itemListElement\":[{\"@type\":\"ListItem\",\"position\":1,\"name\":\"Portada\",\"item\":\"https:\\\/\\\/opticaleva2002fe.com\\\/\"},{\"@type\":\"ListItem\",\"position\":2,\"name\":\"Servicios\"}]},{\"@type\":\"WebSite\",\"@id\":\"https:\\\/\\\/opticaleva2002fe.com\\\/#website\",\"url\":\"https:\\\/\\\/opticaleva2002fe.com\\\/\",\"name\":\"Optica Leva\",\"description\":\"Optica y Optometria\",\"publisher\":{\"@id\":\"https:\\\/\\\/opticaleva2002fe.com\\\/#organization\"},\"potentialAction\":[{\"@type\":\"SearchAction\",\"target\":{\"@type\":\"EntryPoint\",\"urlTemplate\":\"https:\\\/\\\/opticaleva2002fe.com\\\/?s={search_term_string}\"},\"query-input\":{\"@type\":\"PropertyValueSpecification\",\"valueRequired\":true,\"valueName\":\"search_term_string\"}}],\"inLanguage\":\"en-GB\"},{\"@type\":\"Organization\",\"@id\":\"https:\\\/\\\/opticaleva2002fe.com\\\/#organization\",\"name\":\"Optica Leva\",\"url\":\"https:\\\/\\\/opticaleva2002fe.com\\\/\",\"logo\":{\"@type\":\"ImageObject\",\"inLanguage\":\"en-GB\",\"@id\":\"https:\\\/\\\/opticaleva2002fe.com\\\/#\\\/schema\\\/logo\\\/image\\\/\",\"url\":\"https:\\\/\\\/opticaleva2002fe.com\\\/wp-content\\\/uploads\\\/2026\\\/03\\\/cropped-Diseno-sin-titulo.png\",\"contentUrl\":\"https:\\\/\\\/opticaleva2002fe.com\\\/wp-content\\\/uploads\\\/2026\\\/03\\\/cropped-Diseno-sin-titulo.png\",\"width\":1405,\"height\":1043,\"caption\":\"Optica Leva\"},\"image\":{\"@id\":\"https:\\\/\\\/opticaleva2002fe.com\\\/#\\\/schema\\\/logo\\\/image\\\/\"}}]}<\/script>\n<!-- \/ Yoast SEO plugin. -->","yoast_head_json":{"title":"Servicios - Optica Leva","robots":{"index":"index","follow":"follow","max-snippet":"max-snippet:-1","max-image-preview":"max-image-preview:large","max-video-preview":"max-video-preview:-1"},"canonical":"https:\/\/opticaleva2002fe.com\/en\/servicios\/","og_locale":"en_GB","og_type":"article","og_title":"Servicios - Optica Leva","og_description":"Descubra la diferencia de una visi\u00f3n perfecta Monturas de primeras marcas Gafas de sol Lentes progresivas personalizadas Lentes para el control de la miop\u00eda Lentes de contacto Revisiones peri\u00f3dicas Tu comodidad visual es lo m\u00e1s importante para nosotros CONTACTO","og_url":"https:\/\/opticaleva2002fe.com\/en\/servicios\/","og_site_name":"Optica Leva","article_modified_time":"2026-03-25T14:16:37+00:00","og_image":[{"url":"https:\/\/opticaleva2002fe.com\/wp-content\/uploads\/2026\/03\/Captura-desde-2026-03-25-12-32-45.png","type":"","width":"","height":""}],"twitter_card":"summary_large_image","twitter_misc":{"Estimated reading time":"1 minute"},"schema":{"@context":"https:\/\/schema.org","@graph":[{"@type":"WebPage","@id":"https:\/\/opticaleva2002fe.com\/servicios\/","url":"https:\/\/opticaleva2002fe.com\/servicios\/","name":"Servicios - Optica Leva","isPartOf":{"@id":"https:\/\/opticaleva2002fe.com\/#website"},"primaryImageOfPage":{"@id":"https:\/\/opticaleva2002fe.com\/servicios\/#primaryimage"},"image":{"@id":"https:\/\/opticaleva2002fe.com\/servicios\/#primaryimage"},"thumbnailUrl":"https:\/\/opticaleva2002fe.com\/wp-content\/uploads\/2026\/03\/Captura-desde-2026-03-25-12-32-45.png","datePublished":"2026-03-25T07:51:09+00:00","dateModified":"2026-03-25T14:16:37+00:00","breadcrumb":{"@id":"https:\/\/opticaleva2002fe.com\/servicios\/#breadcrumb"},"inLanguage":"en-GB","potentialAction":[{"@type":"ReadAction","target":["https:\/\/opticaleva2002fe.com\/servicios\/"]}]},{"@type":"ImageObject","inLanguage":"en-GB","@id":"https:\/\/opticaleva2002fe.com\/servicios\/#primaryimage","url":"https:\/\/opticaleva2002fe.com\/wp-content\/uploads\/2026\/03\/Captura-desde-2026-03-25-12-32-45.png","contentUrl":"https:\/\/opticaleva2002fe.com\/wp-content\/uploads\/2026\/03\/Captura-desde-2026-03-25-12-32-45.png"},{"@type":"BreadcrumbList","@id":"https:\/\/opticaleva2002fe.com\/servicios\/#breadcrumb","itemListElement":[{"@type":"ListItem","position":1,"name":"Portada","item":"https:\/\/opticaleva2002fe.com\/"},{"@type":"ListItem","position":2,"name":"Servicios"}]},{"@type":"WebSite","@id":"https:\/\/opticaleva2002fe.com\/#website","url":"https:\/\/opticaleva2002fe.com\/","name":"Optica Leva","description":"Optica y Optometria","publisher":{"@id":"https:\/\/opticaleva2002fe.com\/#organization"},"potentialAction":[{"@type":"SearchAction","target":{"@type":"EntryPoint","urlTemplate":"https:\/\/opticaleva2002fe.com\/?s={search_term_string}"},"query-input":{"@type":"PropertyValueSpecification","valueRequired":true,"valueName":"search_term_string"}}],"inLanguage":"en-GB"},{"@type":"Organization","@id":"https:\/\/opticaleva2002fe.com\/#organization","name":"Optica Leva","url":"https:\/\/opticaleva2002fe.com\/","logo":{"@type":"ImageObject","inLanguage":"en-GB","@id":"https:\/\/opticaleva2002fe.com\/#\/schema\/logo\/image\/","url":"https:\/\/opticaleva2002fe.com\/wp-content\/uploads\/2026\/03\/cropped-Diseno-sin-titulo.png","contentUrl":"https:\/\/opticaleva2002fe.com\/wp-content\/uploads\/2026\/03\/cropped-Diseno-sin-titulo.png","width":1405,"height":1043,"caption":"Optica Leva"},"image":{"@id":"https:\/\/opticaleva2002fe.com\/#\/schema\/logo\/image\/"}}]}},"_links":{"self":[{"href":"https:\/\/opticaleva2002fe.com\/en\/wp-json\/wp\/v2\/pages\/13","targetHints":{"allow":["GET"]}}],"collection":[{"href":"https:\/\/opticaleva2002fe.com\/en\/wp-json\/wp\/v2\/pages"}],"about":[{"href":"https:\/\/opticaleva2002fe.com\/en\/wp-json\/wp\/v2\/types\/page"}],"author":[{"embeddable":true,"href":"https:\/\/opticaleva2002fe.com\/en\/wp-json\/wp\/v2\/users\/1"}],"replies":[{"embeddable":true,"href":"https:\/\/opticaleva2002fe.com\/en\/wp-json\/wp\/v2\/comments?post=13"}],"version-history":[{"count":82,"href":"https:\/\/opticaleva2002fe.com\/en\/wp-json\/wp\/v2\/pages\/13\/revisions"}],"predecessor-version":[{"id":325,"href":"https:\/\/opticaleva2002fe.com\/en\/wp-json\/wp\/v2\/pages\/13\/revisions\/325"}],"wp:attachment":[{"href":"https:\/\/opticaleva2002fe.com\/en\/wp-json\/wp\/v2\/media?parent=13"}],"curies":[{"name":"wp","href":"https:\/\/api.w.org\/{rel}","templated":true}]}}