{"id":8,"date":"2026-03-25T07:48:19","date_gmt":"2026-03-25T07:48:19","guid":{"rendered":"https:\/\/opticaleva2002fe.rkinformatika.online\/?page_id=8"},"modified":"2026-03-25T14:15:16","modified_gmt":"2026-03-25T14:15:16","slug":"inicio","status":"publish","type":"page","link":"https:\/\/opticaleva2002fe.com\/en\/","title":{"rendered":"Home"},"content":{"rendered":"<div data-elementor-type=\"wp-page\" data-elementor-id=\"8\" class=\"elementor elementor-8\" data-elementor-post-type=\"page\">\n\t\t\t\t<div class=\"elementor-element elementor-element-fa7c709 e-flex e-con-boxed e-con e-parent\" data-id=\"fa7c709\" data-element_type=\"container\" data-e-type=\"container\">\n\t\t\t\t\t<div class=\"e-con-inner\">\n\t\t<div class=\"elementor-element elementor-element-8c2cd2f e-con-full e-flex e-con e-child\" data-id=\"8c2cd2f\" data-element_type=\"container\" data-e-type=\"container\">\n\t\t\t\t<\/div>\n\t\t<div class=\"elementor-element elementor-element-95ec5bc e-con-full animated-slow e-flex elementor-invisible e-con e-child\" data-id=\"95ec5bc\" data-element_type=\"container\" data-e-type=\"container\" data-settings=\"{&quot;animation&quot;:&quot;fadeInRight&quot;}\">\n\t\t\t\t<div class=\"elementor-element elementor-element-6d23dd1 elementor-widget elementor-widget-image\" data-id=\"6d23dd1\" data-element_type=\"widget\" data-e-type=\"widget\" data-widget_type=\"image.default\">\n\t\t\t\t\t\t\t\t\t\t\t\t\t\t\t<img fetchpriority=\"high\" decoding=\"async\" width=\"779\" height=\"435\" src=\"https:\/\/opticaleva2002fe.com\/wp-content\/uploads\/2026\/03\/Captura-desde-2026-03-25-11-23-24.png\" class=\"attachment-2048x2048 size-2048x2048 wp-image-134\" alt=\"\" srcset=\"https:\/\/opticaleva2002fe.com\/wp-content\/uploads\/2026\/03\/Captura-desde-2026-03-25-11-23-24.png 779w, https:\/\/opticaleva2002fe.com\/wp-content\/uploads\/2026\/03\/Captura-desde-2026-03-25-11-23-24-300x168.png 300w, https:\/\/opticaleva2002fe.com\/wp-content\/uploads\/2026\/03\/Captura-desde-2026-03-25-11-23-24-768x429.png 768w, https:\/\/opticaleva2002fe.com\/wp-content\/uploads\/2026\/03\/Captura-desde-2026-03-25-11-23-24-18x10.png 18w\" sizes=\"(max-width: 779px) 100vw, 779px\" \/>\t\t\t\t\t\t\t\t\t\t\t\t\t\t\t<\/div>\n\t\t\t\t<\/div>\n\t\t<div class=\"elementor-element elementor-element-ba867d4 e-con-full animated-slow e-flex elementor-invisible e-con e-child\" data-id=\"ba867d4\" data-element_type=\"container\" data-e-type=\"container\" data-settings=\"{&quot;animation&quot;:&quot;fadeInRight&quot;}\">\n\t\t\t\t<div class=\"elementor-element elementor-element-26c0651 elementor-widget elementor-widget-image\" data-id=\"26c0651\" data-element_type=\"widget\" data-e-type=\"widget\" data-widget_type=\"image.default\">\n\t\t\t\t\t\t\t\t\t\t\t\t\t\t\t<img decoding=\"async\" width=\"800\" height=\"450\" src=\"https:\/\/opticaleva2002fe.com\/wp-content\/uploads\/2026\/03\/Glasses-Collection-1024x576.png\" class=\"attachment-large size-large wp-image-112\" alt=\"\" srcset=\"https:\/\/opticaleva2002fe.com\/wp-content\/uploads\/2026\/03\/Glasses-Collection-1024x576.png 1024w, https:\/\/opticaleva2002fe.com\/wp-content\/uploads\/2026\/03\/Glasses-Collection-300x169.png 300w, https:\/\/opticaleva2002fe.com\/wp-content\/uploads\/2026\/03\/Glasses-Collection-768x432.png 768w, https:\/\/opticaleva2002fe.com\/wp-content\/uploads\/2026\/03\/Glasses-Collection-1536x864.png 1536w, https:\/\/opticaleva2002fe.com\/wp-content\/uploads\/2026\/03\/Glasses-Collection-18x10.png 18w, https:\/\/opticaleva2002fe.com\/wp-content\/uploads\/2026\/03\/Glasses-Collection.png 1920w\" sizes=\"(max-width: 800px) 100vw, 800px\" \/>\t\t\t\t\t\t\t\t\t\t\t\t\t\t\t<\/div>\n\t\t\t\t<\/div>\n\t\t<div class=\"elementor-element elementor-element-3397423 e-con-full e-flex e-con e-child\" data-id=\"3397423\" data-element_type=\"container\" data-e-type=\"container\">\n\t\t\t\t<div class=\"elementor-element elementor-element-47d3bde elementor-widget__width-initial animated-slow elementor-invisible elementor-widget elementor-widget-heading\" data-id=\"47d3bde\" data-element_type=\"widget\" data-e-type=\"widget\" data-settings=\"{&quot;_animation&quot;:&quot;fadeIn&quot;}\" data-widget_type=\"heading.default\">\n\t\t\t\t\t<h2 class=\"elementor-heading-title elementor-size-default\">Because seeing well means living better.<\/h2>\t\t\t\t<\/div>\n\t\t\t\t<\/div>\n\t\t\t\t\t<\/div>\n\t\t\t\t<\/div>\n\t\t<div class=\"elementor-element elementor-element-6b6d1c7 e-flex e-con-boxed e-con e-parent\" data-id=\"6b6d1c7\" data-element_type=\"container\" data-e-type=\"container\">\n\t\t\t\t\t<div class=\"e-con-inner\">\n\t\t<div class=\"elementor-element elementor-element-8dc678b e-con-full animated-slow e-flex elementor-invisible e-con e-child\" data-id=\"8dc678b\" data-element_type=\"container\" data-e-type=\"container\" data-settings=\"{&quot;animation&quot;:&quot;fadeInUp&quot;}\">\n\t\t\t\t<div class=\"elementor-element elementor-element-a95358d elementor-widget elementor-widget-image\" data-id=\"a95358d\" data-element_type=\"widget\" data-e-type=\"widget\" data-widget_type=\"image.default\">\n\t\t\t\t\t\t\t\t\t\t\t\t\t\t\t<img decoding=\"async\" width=\"800\" height=\"600\" src=\"https:\/\/opticaleva2002fe.com\/wp-content\/uploads\/2026\/03\/IMG_1025-FERNANDO-CANIZARES-TAVIRA-1024x768.jpeg\" class=\"attachment-large size-large wp-image-176\" alt=\"\" srcset=\"https:\/\/opticaleva2002fe.com\/wp-content\/uploads\/2026\/03\/IMG_1025-FERNANDO-CANIZARES-TAVIRA-1024x768.jpeg 1024w, https:\/\/opticaleva2002fe.com\/wp-content\/uploads\/2026\/03\/IMG_1025-FERNANDO-CANIZARES-TAVIRA-300x225.jpeg 300w, https:\/\/opticaleva2002fe.com\/wp-content\/uploads\/2026\/03\/IMG_1025-FERNANDO-CANIZARES-TAVIRA-768x576.jpeg 768w, https:\/\/opticaleva2002fe.com\/wp-content\/uploads\/2026\/03\/IMG_1025-FERNANDO-CANIZARES-TAVIRA-1536x1152.jpeg 1536w, https:\/\/opticaleva2002fe.com\/wp-content\/uploads\/2026\/03\/IMG_1025-FERNANDO-CANIZARES-TAVIRA-2048x1536.jpeg 2048w, https:\/\/opticaleva2002fe.com\/wp-content\/uploads\/2026\/03\/IMG_1025-FERNANDO-CANIZARES-TAVIRA-16x12.jpeg 16w\" sizes=\"(max-width: 800px) 100vw, 800px\" \/>\t\t\t\t\t\t\t\t\t\t\t\t\t\t\t<\/div>\n\t\t\t\t<\/div>\n\t\t<div class=\"elementor-element elementor-element-51212b6 e-con-full animated-slow e-flex elementor-invisible e-con e-child\" data-id=\"51212b6\" data-element_type=\"container\" data-e-type=\"container\" data-settings=\"{&quot;animation&quot;:&quot;fadeInUp&quot;}\">\n\t\t\t\t<div class=\"elementor-element elementor-element-bd72a58 elementor-widget elementor-widget-image\" data-id=\"bd72a58\" data-element_type=\"widget\" data-e-type=\"widget\" data-widget_type=\"image.default\">\n\t\t\t\t\t\t\t\t\t\t\t\t\t\t\t<img loading=\"lazy\" decoding=\"async\" width=\"800\" height=\"600\" src=\"https:\/\/opticaleva2002fe.com\/wp-content\/uploads\/2026\/03\/IMG_1024-FERNANDO-CANIZARES-TAVIRA-1024x768.jpeg\" class=\"attachment-large size-large wp-image-175\" alt=\"\" srcset=\"https:\/\/opticaleva2002fe.com\/wp-content\/uploads\/2026\/03\/IMG_1024-FERNANDO-CANIZARES-TAVIRA-1024x768.jpeg 1024w, https:\/\/opticaleva2002fe.com\/wp-content\/uploads\/2026\/03\/IMG_1024-FERNANDO-CANIZARES-TAVIRA-300x225.jpeg 300w, https:\/\/opticaleva2002fe.com\/wp-content\/uploads\/2026\/03\/IMG_1024-FERNANDO-CANIZARES-TAVIRA-768x576.jpeg 768w, https:\/\/opticaleva2002fe.com\/wp-content\/uploads\/2026\/03\/IMG_1024-FERNANDO-CANIZARES-TAVIRA-1536x1152.jpeg 1536w, https:\/\/opticaleva2002fe.com\/wp-content\/uploads\/2026\/03\/IMG_1024-FERNANDO-CANIZARES-TAVIRA-2048x1536.jpeg 2048w, https:\/\/opticaleva2002fe.com\/wp-content\/uploads\/2026\/03\/IMG_1024-FERNANDO-CANIZARES-TAVIRA-16x12.jpeg 16w\" sizes=\"(max-width: 800px) 100vw, 800px\" \/>\t\t\t\t\t\t\t\t\t\t\t\t\t\t\t<\/div>\n\t\t\t\t<\/div>\n\t\t<div class=\"elementor-element elementor-element-3be8c1c e-con-full animated-slow e-flex elementor-invisible e-con e-child\" data-id=\"3be8c1c\" data-element_type=\"container\" data-e-type=\"container\" data-settings=\"{&quot;animation&quot;:&quot;fadeInRight&quot;}\">\n\t\t\t\t<div class=\"elementor-element elementor-element-97cd77e elementor-widget__width-initial animated-slow elementor-invisible elementor-widget elementor-widget-heading\" data-id=\"97cd77e\" data-element_type=\"widget\" data-e-type=\"widget\" data-settings=\"{&quot;_animation&quot;:&quot;fadeIn&quot;}\" data-widget_type=\"heading.default\">\n\t\t\t\t\t<h2 class=\"elementor-heading-title elementor-size-default\">About us<\/h2>\t\t\t\t<\/div>\n\t\t\t\t<\/div>\n\t\t<div class=\"elementor-element elementor-element-a019b59 e-con-full animated-slow e-flex elementor-invisible e-con e-child\" data-id=\"a019b59\" data-element_type=\"container\" data-e-type=\"container\" data-settings=\"{&quot;animation&quot;:&quot;fadeInUp&quot;}\">\n\t\t\t\t<div class=\"elementor-element elementor-element-969c8ab elementor-widget elementor-widget-image\" data-id=\"969c8ab\" data-element_type=\"widget\" data-e-type=\"widget\" data-widget_type=\"image.default\">\n\t\t\t\t\t\t\t\t\t\t\t\t\t\t\t<img loading=\"lazy\" decoding=\"async\" width=\"800\" height=\"600\" src=\"https:\/\/opticaleva2002fe.com\/wp-content\/uploads\/2026\/03\/IMG_1023-FERNANDO-CANIZARES-TAVIRA-1024x768.jpeg\" class=\"attachment-large size-large wp-image-174\" alt=\"\" srcset=\"https:\/\/opticaleva2002fe.com\/wp-content\/uploads\/2026\/03\/IMG_1023-FERNANDO-CANIZARES-TAVIRA-1024x768.jpeg 1024w, https:\/\/opticaleva2002fe.com\/wp-content\/uploads\/2026\/03\/IMG_1023-FERNANDO-CANIZARES-TAVIRA-300x225.jpeg 300w, https:\/\/opticaleva2002fe.com\/wp-content\/uploads\/2026\/03\/IMG_1023-FERNANDO-CANIZARES-TAVIRA-768x576.jpeg 768w, https:\/\/opticaleva2002fe.com\/wp-content\/uploads\/2026\/03\/IMG_1023-FERNANDO-CANIZARES-TAVIRA-1536x1152.jpeg 1536w, https:\/\/opticaleva2002fe.com\/wp-content\/uploads\/2026\/03\/IMG_1023-FERNANDO-CANIZARES-TAVIRA-2048x1536.jpeg 2048w, https:\/\/opticaleva2002fe.com\/wp-content\/uploads\/2026\/03\/IMG_1023-FERNANDO-CANIZARES-TAVIRA-16x12.jpeg 16w\" sizes=\"(max-width: 800px) 100vw, 800px\" \/>\t\t\t\t\t\t\t\t\t\t\t\t\t\t\t<\/div>\n\t\t\t\t<\/div>\n\t\t<div class=\"elementor-element elementor-element-70617bd e-con-full e-flex e-con e-child\" data-id=\"70617bd\" data-element_type=\"container\" data-e-type=\"container\">\n\t\t\t\t<\/div>\n\t\t<div class=\"elementor-element elementor-element-045539a e-con-full animated-slow e-flex elementor-invisible e-con e-child\" data-id=\"045539a\" data-element_type=\"container\" data-e-type=\"container\" data-settings=\"{&quot;animation&quot;:&quot;fadeInRight&quot;}\">\n\t\t\t\t<div class=\"elementor-element elementor-element-d7fa53a elementor-widget elementor-widget-text-editor\" data-id=\"d7fa53a\" data-element_type=\"widget\" data-e-type=\"widget\" data-widget_type=\"text-editor.default\">\n\t\t\t\t\t\t\t\t\t<p>Optician and optometry center founded in 2002, dedicated to providing primary care and personalized solutions. We offer frames from leading brands, sunglasses, progressive lenses, myopia control lenses, contact lenses, and regular eye exams. Our commitment is to care for your vision with professionalism and a personal touch.<\/p>\t\t\t\t\t\t\t\t<\/div>\n\t\t\t\t<div class=\"elementor-element elementor-element-c7478b6 elementor-widget elementor-widget-button\" data-id=\"c7478b6\" data-element_type=\"widget\" data-e-type=\"widget\" data-widget_type=\"button.default\">\n\t\t\t\t\t\t\t\t\t\t<a class=\"elementor-button elementor-button-link elementor-size-sm elementor-animation-grow\" href=\"https:\/\/opticaleva2002fe.com\/en\/servicios\/\">\n\t\t\t\t\t\t<span class=\"elementor-button-content-wrapper\">\n\t\t\t\t\t\t\t\t\t<span class=\"elementor-button-text\">SERVICES<\/span>\n\t\t\t\t\t<\/span>\n\t\t\t\t\t<\/a>\n\t\t\t\t\t\t\t\t<\/div>\n\t\t\t\t<\/div>\n\t\t\t\t\t<\/div>\n\t\t\t\t<\/div>\n\t\t\t\t<\/div>","protected":false},"excerpt":{"rendered":"<p>Porque ver bien es vivir mejor Sobre Nosotros \u00d3ptica y centro de optometr\u00eda fundado en 2002, dedicado a ofrecer atenci\u00f3n primaria y soluciones personalizadas. Contamos con monturas de primeras marcas, gafas de sol, lentes progresivas, lentes para el control de la miop\u00eda, lentes de contacto y revisiones peri\u00f3dicas. Nuestro compromiso es cuidar de tu visi\u00f3n [&hellip;]<\/p>\n","protected":false},"author":1,"featured_media":0,"parent":0,"menu_order":0,"comment_status":"closed","ping_status":"closed","template":"elementor_canvas","meta":{"footnotes":""},"class_list":["post-8","page","type-page","status-publish","hentry"],"yoast_head":"<!-- This site is optimized with the Yoast SEO plugin v27.4 - https:\/\/yoast.com\/product\/yoast-seo-wordpress\/ -->\n<title>Inicio - Optica Leva<\/title>\n<meta name=\"robots\" content=\"index, follow, max-snippet:-1, max-image-preview:large, max-video-preview:-1\" \/>\n<link rel=\"canonical\" href=\"https:\/\/opticaleva2002fe.com\/en\/\" \/>\n<meta property=\"og:locale\" content=\"en_GB\" \/>\n<meta property=\"og:type\" content=\"article\" \/>\n<meta property=\"og:title\" content=\"Inicio - Optica Leva\" \/>\n<meta property=\"og:description\" content=\"Porque ver bien es vivir mejor Sobre Nosotros \u00d3ptica y centro de optometr\u00eda fundado en 2002, dedicado a ofrecer atenci\u00f3n primaria y soluciones personalizadas. Contamos con monturas de primeras marcas, gafas de sol, lentes progresivas, lentes para el control de la miop\u00eda, lentes de contacto y revisiones peri\u00f3dicas. Nuestro compromiso es cuidar de tu visi\u00f3n [&hellip;]\" \/>\n<meta property=\"og:url\" content=\"https:\/\/opticaleva2002fe.com\/en\/\" \/>\n<meta property=\"og:site_name\" content=\"Optica Leva\" \/>\n<meta property=\"article:modified_time\" content=\"2026-03-25T14:15:16+00:00\" \/>\n<meta property=\"og:image\" content=\"https:\/\/opticaleva2002fe.com\/wp-content\/uploads\/2026\/03\/Captura-desde-2026-03-25-11-23-24.png\" \/>\n<meta name=\"twitter:card\" content=\"summary_large_image\" \/>\n<meta name=\"twitter:label1\" content=\"Estimated reading time\" \/>\n\t<meta name=\"twitter:data1\" content=\"1 minute\" \/>\n<script type=\"application\/ld+json\" class=\"yoast-schema-graph\">{\"@context\":\"https:\\\/\\\/schema.org\",\"@graph\":[{\"@type\":\"WebPage\",\"@id\":\"https:\\\/\\\/opticaleva2002fe.com\\\/\",\"url\":\"https:\\\/\\\/opticaleva2002fe.com\\\/\",\"name\":\"Inicio - Optica Leva\",\"isPartOf\":{\"@id\":\"https:\\\/\\\/opticaleva2002fe.com\\\/#website\"},\"primaryImageOfPage\":{\"@id\":\"https:\\\/\\\/opticaleva2002fe.com\\\/#primaryimage\"},\"image\":{\"@id\":\"https:\\\/\\\/opticaleva2002fe.com\\\/#primaryimage\"},\"thumbnailUrl\":\"https:\\\/\\\/opticaleva2002fe.com\\\/wp-content\\\/uploads\\\/2026\\\/03\\\/Captura-desde-2026-03-25-11-23-24.png\",\"datePublished\":\"2026-03-25T07:48:19+00:00\",\"dateModified\":\"2026-03-25T14:15:16+00:00\",\"breadcrumb\":{\"@id\":\"https:\\\/\\\/opticaleva2002fe.com\\\/#breadcrumb\"},\"inLanguage\":\"en-GB\",\"potentialAction\":[{\"@type\":\"ReadAction\",\"target\":[\"https:\\\/\\\/opticaleva2002fe.com\\\/\"]}]},{\"@type\":\"ImageObject\",\"inLanguage\":\"en-GB\",\"@id\":\"https:\\\/\\\/opticaleva2002fe.com\\\/#primaryimage\",\"url\":\"https:\\\/\\\/opticaleva2002fe.com\\\/wp-content\\\/uploads\\\/2026\\\/03\\\/Captura-desde-2026-03-25-11-23-24.png\",\"contentUrl\":\"https:\\\/\\\/opticaleva2002fe.com\\\/wp-content\\\/uploads\\\/2026\\\/03\\\/Captura-desde-2026-03-25-11-23-24.png\"},{\"@type\":\"BreadcrumbList\",\"@id\":\"https:\\\/\\\/opticaleva2002fe.com\\\/#breadcrumb\",\"itemListElement\":[{\"@type\":\"ListItem\",\"position\":1,\"name\":\"Portada\",\"item\":\"https:\\\/\\\/opticaleva2002fe.com\\\/\"},{\"@type\":\"ListItem\",\"position\":2,\"name\":\"Inicio\"}]},{\"@type\":\"WebSite\",\"@id\":\"https:\\\/\\\/opticaleva2002fe.com\\\/#website\",\"url\":\"https:\\\/\\\/opticaleva2002fe.com\\\/\",\"name\":\"Optica Leva\",\"description\":\"Optica y Optometria\",\"publisher\":{\"@id\":\"https:\\\/\\\/opticaleva2002fe.com\\\/#organization\"},\"potentialAction\":[{\"@type\":\"SearchAction\",\"target\":{\"@type\":\"EntryPoint\",\"urlTemplate\":\"https:\\\/\\\/opticaleva2002fe.com\\\/?s={search_term_string}\"},\"query-input\":{\"@type\":\"PropertyValueSpecification\",\"valueRequired\":true,\"valueName\":\"search_term_string\"}}],\"inLanguage\":\"en-GB\"},{\"@type\":\"Organization\",\"@id\":\"https:\\\/\\\/opticaleva2002fe.com\\\/#organization\",\"name\":\"Optica Leva\",\"url\":\"https:\\\/\\\/opticaleva2002fe.com\\\/\",\"logo\":{\"@type\":\"ImageObject\",\"inLanguage\":\"en-GB\",\"@id\":\"https:\\\/\\\/opticaleva2002fe.com\\\/#\\\/schema\\\/logo\\\/image\\\/\",\"url\":\"https:\\\/\\\/opticaleva2002fe.com\\\/wp-content\\\/uploads\\\/2026\\\/03\\\/cropped-Diseno-sin-titulo.png\",\"contentUrl\":\"https:\\\/\\\/opticaleva2002fe.com\\\/wp-content\\\/uploads\\\/2026\\\/03\\\/cropped-Diseno-sin-titulo.png\",\"width\":1405,\"height\":1043,\"caption\":\"Optica Leva\"},\"image\":{\"@id\":\"https:\\\/\\\/opticaleva2002fe.com\\\/#\\\/schema\\\/logo\\\/image\\\/\"}}]}<\/script>\n<!-- \/ Yoast SEO plugin. -->","yoast_head_json":{"title":"Inicio - Optica Leva","robots":{"index":"index","follow":"follow","max-snippet":"max-snippet:-1","max-image-preview":"max-image-preview:large","max-video-preview":"max-video-preview:-1"},"canonical":"https:\/\/opticaleva2002fe.com\/en\/","og_locale":"en_GB","og_type":"article","og_title":"Inicio - Optica Leva","og_description":"Porque ver bien es vivir mejor Sobre Nosotros \u00d3ptica y centro de optometr\u00eda fundado en 2002, dedicado a ofrecer atenci\u00f3n primaria y soluciones personalizadas. Contamos con monturas de primeras marcas, gafas de sol, lentes progresivas, lentes para el control de la miop\u00eda, lentes de contacto y revisiones peri\u00f3dicas. Nuestro compromiso es cuidar de tu visi\u00f3n [&hellip;]","og_url":"https:\/\/opticaleva2002fe.com\/en\/","og_site_name":"Optica Leva","article_modified_time":"2026-03-25T14:15:16+00:00","og_image":[{"url":"https:\/\/opticaleva2002fe.com\/wp-content\/uploads\/2026\/03\/Captura-desde-2026-03-25-11-23-24.png","type":"","width":"","height":""}],"twitter_card":"summary_large_image","twitter_misc":{"Estimated reading time":"1 minute"},"schema":{"@context":"https:\/\/schema.org","@graph":[{"@type":"WebPage","@id":"https:\/\/opticaleva2002fe.com\/","url":"https:\/\/opticaleva2002fe.com\/","name":"Inicio - Optica Leva","isPartOf":{"@id":"https:\/\/opticaleva2002fe.com\/#website"},"primaryImageOfPage":{"@id":"https:\/\/opticaleva2002fe.com\/#primaryimage"},"image":{"@id":"https:\/\/opticaleva2002fe.com\/#primaryimage"},"thumbnailUrl":"https:\/\/opticaleva2002fe.com\/wp-content\/uploads\/2026\/03\/Captura-desde-2026-03-25-11-23-24.png","datePublished":"2026-03-25T07:48:19+00:00","dateModified":"2026-03-25T14:15:16+00:00","breadcrumb":{"@id":"https:\/\/opticaleva2002fe.com\/#breadcrumb"},"inLanguage":"en-GB","potentialAction":[{"@type":"ReadAction","target":["https:\/\/opticaleva2002fe.com\/"]}]},{"@type":"ImageObject","inLanguage":"en-GB","@id":"https:\/\/opticaleva2002fe.com\/#primaryimage","url":"https:\/\/opticaleva2002fe.com\/wp-content\/uploads\/2026\/03\/Captura-desde-2026-03-25-11-23-24.png","contentUrl":"https:\/\/opticaleva2002fe.com\/wp-content\/uploads\/2026\/03\/Captura-desde-2026-03-25-11-23-24.png"},{"@type":"BreadcrumbList","@id":"https:\/\/opticaleva2002fe.com\/#breadcrumb","itemListElement":[{"@type":"ListItem","position":1,"name":"Portada","item":"https:\/\/opticaleva2002fe.com\/"},{"@type":"ListItem","position":2,"name":"Inicio"}]},{"@type":"WebSite","@id":"https:\/\/opticaleva2002fe.com\/#website","url":"https:\/\/opticaleva2002fe.com\/","name":"Optica Leva","description":"Optica y Optometria","publisher":{"@id":"https:\/\/opticaleva2002fe.com\/#organization"},"potentialAction":[{"@type":"SearchAction","target":{"@type":"EntryPoint","urlTemplate":"https:\/\/opticaleva2002fe.com\/?s={search_term_string}"},"query-input":{"@type":"PropertyValueSpecification","valueRequired":true,"valueName":"search_term_string"}}],"inLanguage":"en-GB"},{"@type":"Organization","@id":"https:\/\/opticaleva2002fe.com\/#organization","name":"Optica Leva","url":"https:\/\/opticaleva2002fe.com\/","logo":{"@type":"ImageObject","inLanguage":"en-GB","@id":"https:\/\/opticaleva2002fe.com\/#\/schema\/logo\/image\/","url":"https:\/\/opticaleva2002fe.com\/wp-content\/uploads\/2026\/03\/cropped-Diseno-sin-titulo.png","contentUrl":"https:\/\/opticaleva2002fe.com\/wp-content\/uploads\/2026\/03\/cropped-Diseno-sin-titulo.png","width":1405,"height":1043,"caption":"Optica Leva"},"image":{"@id":"https:\/\/opticaleva2002fe.com\/#\/schema\/logo\/image\/"}}]}},"_links":{"self":[{"href":"https:\/\/opticaleva2002fe.com\/en\/wp-json\/wp\/v2\/pages\/8","targetHints":{"allow":["GET"]}}],"collection":[{"href":"https:\/\/opticaleva2002fe.com\/en\/wp-json\/wp\/v2\/pages"}],"about":[{"href":"https:\/\/opticaleva2002fe.com\/en\/wp-json\/wp\/v2\/types\/page"}],"author":[{"embeddable":true,"href":"https:\/\/opticaleva2002fe.com\/en\/wp-json\/wp\/v2\/users\/1"}],"replies":[{"embeddable":true,"href":"https:\/\/opticaleva2002fe.com\/en\/wp-json\/wp\/v2\/comments?post=8"}],"version-history":[{"count":115,"href":"https:\/\/opticaleva2002fe.com\/en\/wp-json\/wp\/v2\/pages\/8\/revisions"}],"predecessor-version":[{"id":322,"href":"https:\/\/opticaleva2002fe.com\/en\/wp-json\/wp\/v2\/pages\/8\/revisions\/322"}],"wp:attachment":[{"href":"https:\/\/opticaleva2002fe.com\/en\/wp-json\/wp\/v2\/media?parent=8"}],"curies":[{"name":"wp","href":"https:\/\/api.w.org\/{rel}","templated":true}]}}